{"id":1390,"date":"2026-02-16T15:10:37","date_gmt":"2026-02-16T12:10:37","guid":{"rendered":"https:\/\/www.zaferaku.com\/?post_type=product&#038;p=1390"},"modified":"2026-02-25T13:27:24","modified_gmt":"2026-02-25T10:27:24","slug":"eo-eg1226","status":"publish","type":"product","link":"https:\/\/www.zaferaku.com\/?product=eo-eg1226","title":{"rendered":"EO-EG1226"},"content":{"rendered":"<p><\/p>\n<div>EUROONE Deep Cycle GEL ak\u00fcler, valf kontroll\u00fc kur\u015fun asit (VRLA) teknolojisine sahip, tamamen kapal\u0131 ve bak\u0131m gerektirmeyen uzun \u00f6m\u00fcrl\u00fc enerji depolama \u00e7\u00f6z\u00fcmleridir.<\/div>\n<div><\/div>\n<div>GEL (jel elektrolit) teknolojisi sayesinde elektrolit, silika katk\u0131l\u0131 jel formunda sabitlenmi\u015ftir. Bu yap\u0131; s\u0131zd\u0131rmazl\u0131k, derin de\u015farj dayan\u0131m\u0131 ve \u00e7evrim \u00f6mr\u00fc a\u00e7\u0131s\u0131ndan \u00fcst\u00fcn performans sa\u011flar. \u0130\u015fletme \u00f6mr\u00fc boyunca su ilavesi gibi bak\u0131m gereksinimleri ortadan kald\u0131r\u0131lm\u0131\u015ft\u0131r.<\/div>\n<div><\/div>\n<div>Geli\u015fmi\u015f valf sistemi, a\u015f\u0131r\u0131 gazlanma gibi anormal \u00e7al\u0131\u015fma ko\u015fullar\u0131nda i\u00e7 bas\u0131nc\u0131 dengeler. Olu\u015fan gaz\u0131 kontroll\u00fc \u015fekilde tahliye ederek ak\u00fcn\u00fcn g\u00fcvenli ve stabil \u00e7al\u0131\u015fmas\u0131n\u0131 destekler.<\/div>\n<div><\/div>\n<div>Deep Cycle tasar\u0131m, ak\u00fcn\u00fcn tekrarlanan derin de\u015farj ve \u015farj d\u00f6ng\u00fclerinde y\u00fcksek verimlilik ve uzun servis \u00f6mr\u00fc sunmas\u0131n\u0131 sa\u011flar.<\/div>\n<div><\/div>\n<div>TEKN\u0130K VER\u0130LER<\/div>\n<div><\/div>\n<div>1.\u00dcst\u00fcn derin de\u015farj dayan\u0131m\u0131<\/div>\n<div>2.GEL elektrolit teknolojisi ile uzun \u00e7evrim \u00f6mr\u00fc<\/div>\n<div>3.PbCaSn ala\u015f\u0131ml\u0131 \u0131zgara yap\u0131s\u0131 ile d\u00fc\u015f\u00fck korozyon oran\u0131<\/div>\n<div>4.Titre\u015fim ve darbeye dayan\u0131kl\u0131 ABS ak\u00fc kutusu<\/div>\n<div>5.D\u00fc\u015f\u00fck kendili\u011finden de\u015farj oran\u0131<\/div>\n<div>6.Y\u00fcksek safl\u0131kta kur\u015fun kullan\u0131m\u0131<\/div>\n<div><\/div>\n<div><\/div>\n<div>KULLANIM ALANLARI<\/div>\n<div><\/div>\n<div><\/div>\n<div>Telekom\u00fcnikasyon<\/div>\n<div><\/div>\n<div>G\u00fcne\u015f sistemi<\/div>\n<div><\/div>\n<div>R\u00fczgar enerjisi sistemi<\/div>\n<div><\/div>\n<div>Tekerlekli sandalye<\/div>\n<div><\/div>\n<div>Zemin temizleme makineleri<\/div>\n<div><\/div>\n<div>Golf arabas\u0131<\/div>\n<div><\/div>\n<div>Tekneler<\/div>\n<div><\/div>\n<div>Yat \/ Karavan<\/div>\n<p><\/p>","protected":false},"excerpt":{"rendered":"<h3><strong style=\"font-size: 16px;\">\u00dcr\u00fcn ile ilgili teknik bilgiler i\u00e7in pdf iconuna t\u0131klay\u0131n\u0131z <a href=\"http:\/\/www.zaferaku.com\/wp-content\/uploads\/2026\/02\/EG1226.pdf\"><img loading=\"lazy\" decoding=\"async\" class=\"alignnone size-full wp-image-1054\" src=\"https:\/\/www.zaferaku.com\/wp-content\/uploads\/2025\/12\/pdf-1.png\" alt=\"\" width=\"35\" height=\"35\" \/><\/a><\/strong><\/h3>\n<p>&nbsp;<\/p>\n","protected":false},"featured_media":1391,"comment_status":"open","ping_status":"closed","template":"","meta":[],"product_brand":[],"product_cat":[32,35],"product_tag":[],"class_list":{"0":"post-1390","1":"product","2":"type-product","3":"status-publish","4":"has-post-thumbnail","6":"product_cat-genel","7":"product_cat-euroone-deep-cycle-gel","9":"first","10":"instock","11":"shipping-taxable","12":"purchasable","13":"product-type-simple"},"_links":{"self":[{"href":"https:\/\/www.zaferaku.com\/index.php?rest_route=\/wp\/v2\/product\/1390","targetHints":{"allow":["GET"]}}],"collection":[{"href":"https:\/\/www.zaferaku.com\/index.php?rest_route=\/wp\/v2\/product"}],"about":[{"href":"https:\/\/www.zaferaku.com\/index.php?rest_route=\/wp\/v2\/types\/product"}],"replies":[{"embeddable":true,"href":"https:\/\/www.zaferaku.com\/index.php?rest_route=%2Fwp%2Fv2%2Fcomments&post=1390"}],"wp:featuredmedia":[{"embeddable":true,"href":"https:\/\/www.zaferaku.com\/index.php?rest_route=\/wp\/v2\/media\/1391"}],"wp:attachment":[{"href":"https:\/\/www.zaferaku.com\/index.php?rest_route=%2Fwp%2Fv2%2Fmedia&parent=1390"}],"wp:term":[{"taxonomy":"product_brand","embeddable":true,"href":"https:\/\/www.zaferaku.com\/index.php?rest_route=%2Fwp%2Fv2%2Fproduct_brand&post=1390"},{"taxonomy":"product_cat","embeddable":true,"href":"https:\/\/www.zaferaku.com\/index.php?rest_route=%2Fwp%2Fv2%2Fproduct_cat&post=1390"},{"taxonomy":"product_tag","embeddable":true,"href":"https:\/\/www.zaferaku.com\/index.php?rest_route=%2Fwp%2Fv2%2Fproduct_tag&post=1390"}],"curies":[{"name":"wp","href":"https:\/\/api.w.org\/{rel}","templated":true}]}}