{"id":1465,"date":"2026-02-17T16:20:03","date_gmt":"2026-02-17T13:20:03","guid":{"rendered":"https:\/\/www.zaferaku.com\/?post_type=product&#038;p=1465"},"modified":"2026-03-06T09:39:52","modified_gmt":"2026-03-06T06:39:52","slug":"12n6-5l-bs","status":"publish","type":"product","link":"https:\/\/www.zaferaku.com\/?product=12n6-5l-bs","title":{"rendered":"12N6.5L-BS"},"content":{"rendered":"<p><\/p>\n<div>EUROONE Motorsiklet ak\u00fcleri , y\u00fcksek performans ve g\u00fcvenilirlik sunmak \u00fczere tasarlanm\u0131\u015f, bak\u0131m gerektirmeyen VRLA AGM ak\u00fc teknolojisine sahip bir enerji \u00e7\u00f6z\u00fcm\u00fcd\u00fcr. S\u0131zd\u0131rmaz kapal\u0131 yap\u0131s\u0131 sayesinde g\u00fcvenli kullan\u0131m sunarken, titre\u015fime dayan\u0131kl\u0131 i\u00e7 yap\u0131s\u0131 ile zorlu \u00e7al\u0131\u015fma ko\u015fullar\u0131nda stabil performans sa\u011flar. G\u00fc\u00e7l\u00fc mar\u015f ak\u0131m\u0131 ve d\u00fc\u015f\u00fck i\u00e7 diren\u00e7 \u00f6zellikleri sayesinde h\u0131zl\u0131 enerji aktar\u0131m\u0131 ve uzun \u00f6m\u00fcrl\u00fc kullan\u0131m avantaj\u0131 sunar.<\/div>\n<div><\/div>\n<div>Modern \u00fcretim teknikleri ile geli\u015ftirilen EUROONE Motorsiklet Ak\u00fcleri, hem g\u00fcnl\u00fck kullan\u0131m hem de profesyonel uygulamalar i\u00e7in ideal bir g\u00fc\u00e7 kayna\u011f\u0131d\u0131r.<\/div>\n<div><\/div>\n<div><\/div>\n<div><\/div>\n<div>TEKN\u0130K VER\u0130LER<\/div>\n<div><\/div>\n<div><\/div>\n<div>\u2022\u00a0 \u00a0 \u00a0 \u00a0Ak\u00fc Teknolojisi VRLA AGM (Bak\u0131m gerektirmez)<\/div>\n<div>\u2022Yap\u0131: Kapal\u0131, s\u0131zd\u0131rmaz tasar\u0131m<\/div>\n<div>\u2022Ba\u015flang\u0131\u00e7 G\u00fcc\u00fc: Y\u00fcksek mar\u015f performans\u0131<\/div>\n<div>\u2022Titre\u015fim Dayan\u0131m\u0131: Y\u00fcksek<\/div>\n<div>\u2022Kendi Kendine De\u015farj: D\u00fc\u015f\u00fck<\/div>\n<div>\u2022Kullan\u0131m Pozisyonu: \u00c7ok y\u00f6nl\u00fc montaj imk\u00e2n\u0131<\/div>\n<div>\u2022Bak\u0131m: Su ilavesi gerektirmez<\/div>\n<div><\/div>\n<div><\/div>\n<div><\/div>\n<div>Kullan\u0131m Alanlar\u0131<\/div>\n<div><\/div>\n<div><\/div>\n<div>\u2022Motosikletler<\/div>\n<div>\u2022ATV ve Scooterlar<\/div>\n<div>\u2022Jet Ski &amp; Deniz Ara\u00e7lar\u0131<\/div>\n<div>\u2022Karavan &amp; Mobil Sistemler<\/div>\n<p><\/p>","protected":false},"excerpt":{"rendered":"<h3><strong style=\"font-size: 16px;\">\u00dcr\u00fcn ile ilgili teknik bilgiler i\u00e7in pdf iconuna t\u0131klay\u0131n\u0131z <a href=\"http:\/\/www.zaferaku.com\/wp-content\/uploads\/2026\/02\/12N6.5L-BS_compressed.pdf\"><img loading=\"lazy\" decoding=\"async\" class=\"alignnone size-full wp-image-1054\" src=\"https:\/\/www.zaferaku.com\/wp-content\/uploads\/2025\/12\/pdf-1.png\" alt=\"\" width=\"35\" height=\"35\" \/><\/a><\/strong><\/h3>\n<p>&nbsp;<\/p>\n","protected":false},"featured_media":1466,"comment_status":"open","ping_status":"closed","template":"","meta":[],"product_brand":[],"product_cat":[32,38],"product_tag":[],"class_list":{"0":"post-1465","1":"product","2":"type-product","3":"status-publish","4":"has-post-thumbnail","6":"product_cat-genel","7":"product_cat-euroone-motorcycle","9":"first","10":"outofstock","11":"shipping-taxable","12":"purchasable","13":"product-type-simple"},"_links":{"self":[{"href":"https:\/\/www.zaferaku.com\/index.php?rest_route=\/wp\/v2\/product\/1465","targetHints":{"allow":["GET"]}}],"collection":[{"href":"https:\/\/www.zaferaku.com\/index.php?rest_route=\/wp\/v2\/product"}],"about":[{"href":"https:\/\/www.zaferaku.com\/index.php?rest_route=\/wp\/v2\/types\/product"}],"replies":[{"embeddable":true,"href":"https:\/\/www.zaferaku.com\/index.php?rest_route=%2Fwp%2Fv2%2Fcomments&post=1465"}],"wp:featuredmedia":[{"embeddable":true,"href":"https:\/\/www.zaferaku.com\/index.php?rest_route=\/wp\/v2\/media\/1466"}],"wp:attachment":[{"href":"https:\/\/www.zaferaku.com\/index.php?rest_route=%2Fwp%2Fv2%2Fmedia&parent=1465"}],"wp:term":[{"taxonomy":"product_brand","embeddable":true,"href":"https:\/\/www.zaferaku.com\/index.php?rest_route=%2Fwp%2Fv2%2Fproduct_brand&post=1465"},{"taxonomy":"product_cat","embeddable":true,"href":"https:\/\/www.zaferaku.com\/index.php?rest_route=%2Fwp%2Fv2%2Fproduct_cat&post=1465"},{"taxonomy":"product_tag","embeddable":true,"href":"https:\/\/www.zaferaku.com\/index.php?rest_route=%2Fwp%2Fv2%2Fproduct_tag&post=1465"}],"curies":[{"name":"wp","href":"https:\/\/api.w.org\/{rel}","templated":true}]}}