{"id":903,"date":"2025-12-17T04:45:17","date_gmt":"2025-12-17T01:45:17","guid":{"rendered":"https:\/\/www.zaferaku.com\/?post_type=product&#038;p=903"},"modified":"2026-03-06T09:40:49","modified_gmt":"2026-03-06T06:40:49","slug":"eo1240","status":"publish","type":"product","link":"https:\/\/www.zaferaku.com\/?product=eo1240","title":{"rendered":"EO1240"},"content":{"rendered":"<p>EUROONE VRLA AGM ak\u00fcler valf kontroll\u00fc kur\u015fun asit ak\u00fcler olup tamamen kapal\u0131 ve i\u015fletme \u00f6mr\u00fc boyunca bak\u0131m gerektirmeyen \u00fcr\u00fcnlerdir. Aktif maddenin AGM ( Absorded Glass Material-Cam Elyaf Y\u00fcn\u00fc) emdirilmesi ile i\u015fletme \u00f6mr\u00fc boyunca su ilavesi gibi bak\u0131mlara gerek duyulmamaktad\u0131r. \u00dcst\u00fcn valf tasar\u0131m\u0131 ile donat\u0131lan \u00fcr\u00fcnlerimiz a\u015f\u0131r\u0131 gazlanma gibi sistem hatalar\u0131n\u0131 alg\u0131layarak olu\u015fan gaz\u0131 d\u0131\u015f ortama aktararak \u00fcr\u00fcn i\u00e7 bas\u0131nc\u0131 dengeler ve sistemin g\u00fcvenli \u00e7al\u0131\u015fmas\u0131n\u0131 kontrol eder.<\/p>\n<h3 class=\"text-normal\">Teknik Veriler<\/h3>\n<p>1 &#8211; \u00dcst\u00fcn oksijen geri kazan\u0131m verimi.<\/p>\n<p>2- PbCaSn kar\u0131\u015f\u0131m \u0131zgara yap\u0131s\u0131 ile uzun raf \u00f6mr\u00fc.<\/p>\n<p>3- \u00dcst\u00fcn kalite AGM seperat\u00f6r kullan\u0131m\u0131 ve h\u00fccre i\u00e7i mikro k\u0131sa devre koruma teknolojisi<\/p>\n<p>4- Darbeye ve titre\u015fime dayan\u0131kl\u0131 ABS ak\u00fc kutusu.<\/p>\n<p>5- Y\u00fcksek safl\u0131k dereceli kur\u015fun kullan\u0131m\u0131<\/p>\n<p>&nbsp;<\/p>\n<p><strong>KULLANIM ALANLARI<\/strong><\/p>\n<div class=\"row\">\n<div class=\"col-md-4\">\n<p>* UPS (Kesintisiz G\u00fc\u00e7 Kaynaklar\u0131)<\/p>\n<p>* Acil ayd\u0131nlatma sistemleri<\/p>\n<p>* Elektronik yang\u0131n alg\u0131lama sistemleri<\/p>\n<p>* Alarm ve g\u00fcvenlik sistemleri<\/p>\n<p>* DC g\u00fc\u00e7 kayna\u011f\u0131<\/p>\n<p>* Otomasyon uygulamalar\u0131<\/p>\n<p>* Telefon santralleri<\/p>\n<\/div>\n<\/div>\n<p><\/p>","protected":false},"excerpt":{"rendered":"<h3><strong style=\"font-size: 16px;\">\u00dcr\u00fcn ile ilgili teknik bilgiler i\u00e7in pdf iconuna t\u0131klay\u0131n\u0131z <a href=\"http:\/\/www.zaferaku.com\/wp-content\/uploads\/2026\/02\/EO1240.pdf\"><img loading=\"lazy\" decoding=\"async\" class=\"alignnone size-full wp-image-1054\" src=\"https:\/\/www.zaferaku.com\/wp-content\/uploads\/2025\/12\/pdf-1.png\" alt=\"\" width=\"35\" height=\"35\" \/><\/a><\/strong><\/h3>\n<p>&nbsp;<\/p>\n","protected":false},"featured_media":1425,"comment_status":"closed","ping_status":"closed","template":"","meta":[],"product_brand":[],"product_cat":[32,34],"product_tag":[],"class_list":{"0":"post-903","1":"product","2":"type-product","3":"status-publish","4":"has-post-thumbnail","6":"product_cat-genel","7":"product_cat-euroone-vrla-agm","9":"first","10":"outofstock","11":"shipping-taxable","12":"purchasable","13":"product-type-simple"},"_links":{"self":[{"href":"https:\/\/www.zaferaku.com\/index.php?rest_route=\/wp\/v2\/product\/903","targetHints":{"allow":["GET"]}}],"collection":[{"href":"https:\/\/www.zaferaku.com\/index.php?rest_route=\/wp\/v2\/product"}],"about":[{"href":"https:\/\/www.zaferaku.com\/index.php?rest_route=\/wp\/v2\/types\/product"}],"replies":[{"embeddable":true,"href":"https:\/\/www.zaferaku.com\/index.php?rest_route=%2Fwp%2Fv2%2Fcomments&post=903"}],"wp:featuredmedia":[{"embeddable":true,"href":"https:\/\/www.zaferaku.com\/index.php?rest_route=\/wp\/v2\/media\/1425"}],"wp:attachment":[{"href":"https:\/\/www.zaferaku.com\/index.php?rest_route=%2Fwp%2Fv2%2Fmedia&parent=903"}],"wp:term":[{"taxonomy":"product_brand","embeddable":true,"href":"https:\/\/www.zaferaku.com\/index.php?rest_route=%2Fwp%2Fv2%2Fproduct_brand&post=903"},{"taxonomy":"product_cat","embeddable":true,"href":"https:\/\/www.zaferaku.com\/index.php?rest_route=%2Fwp%2Fv2%2Fproduct_cat&post=903"},{"taxonomy":"product_tag","embeddable":true,"href":"https:\/\/www.zaferaku.com\/index.php?rest_route=%2Fwp%2Fv2%2Fproduct_tag&post=903"}],"curies":[{"name":"wp","href":"https:\/\/api.w.org\/{rel}","templated":true}]}}